{"id":17198,"date":"2021-09-27T17:56:28","date_gmt":"2021-09-27T15:56:59","guid":{"rendered":"https:\/\/hotelmappe.hotel-alte-werft.de\/de\/about-us-2\/"},"modified":"2025-05-16T10:03:07","modified_gmt":"2025-05-16T08:03:07","slug":"herzlich-willkommen","status":"publish","type":"page","link":"https:\/\/hotelmappe.hotel-alte-werft.de\/de\/herzlich-willkommen\/","title":{"rendered":"Herzlich willkommen"},"content":{"rendered":"<div id=\"cmsmasters_row_2e672f4749\" class=\"cmsmasters_row cmsmasters_color_scheme_default cmsmasters_row_top_default cmsmasters_row_bot_default cmsmasters_row_boxed\">\n<div class=\"cmsmasters_row_outer_parent\">\n<div class=\"cmsmasters_row_outer\">\n<div class=\"cmsmasters_row_inner\">\n<div class=\"cmsmasters_row_margin\">\n<div id=\"cmsmasters_column_40ad6c17bc\" class=\"cmsmasters_column one_first\">\n<div class=\"cmsmasters_column_inner\"><div id=\"cmsmasters_heading_b653e4155b\" class=\"cmsmasters_heading_wrap cmsmasters_heading_align_center\">\n\t<h3 class=\"cmsmasters_heading\">Hotel Alte Werft<\/h3>\n<\/div><div id=\"cmsmasters_heading_e6df6c9045\" class=\"cmsmasters_heading_wrap cmsmasters_heading_align_center\">\n\t<h2 class=\"cmsmasters_heading\">Wo Geschichte lebt<\/h2>\n<\/div>\n<\/div><\/div>\n<\/div>\n<\/div>\n<\/div>\n<\/div>\n<\/div>\n<div id=\"cmsmasters_row_6f921e35a6\" class=\"cmsmasters_row cmsmasters_color_scheme_default cmsmasters_row_top_default cmsmasters_row_bot_default cmsmasters_row_fullwidth\">\n<div class=\"cmsmasters_row_outer_parent\">\n<div class=\"cmsmasters_row_outer\">\n<div class=\"cmsmasters_row_inner cmsmasters_row_fullwidth\">\n<div class=\"cmsmasters_row_margin\">\n<div id=\"cmsmasters_column_d7f6a5bc76\" class=\"cmsmasters_column one_first\">\n<div class=\"cmsmasters_column_inner\"><\/div><\/div>\n<\/div>\n<\/div>\n<\/div>\n<\/div>\n<\/div>\n<div id=\"cmsmasters_row_7bfee17003\" class=\"cmsmasters_row cmsmasters_color_scheme_default cmsmasters_row_top_default cmsmasters_row_bot_default cmsmasters_row_boxed\">\n<div class=\"cmsmasters_row_outer_parent\">\n<div class=\"cmsmasters_row_outer\">\n<div class=\"cmsmasters_row_inner\">\n<div class=\"cmsmasters_row_margin\">\n<div id=\"cmsmasters_column_80aaa51830\" class=\"cmsmasters_column one_first\">\n<div class=\"cmsmasters_column_inner\"><div id=\"cmsmasters_heading_999894b487\" class=\"cmsmasters_heading_wrap cmsmasters_heading_align_left\">\n\t<h4 class=\"cmsmasters_heading\">Willkommen im Hotel Alte Werft in Papenburg<\/h4>\n<\/div><div class=\"cmsmasters_text\">\n<p>In der Maschinenbauhalle, in der die Meyer Werft im emsl\u00e4ndischen Papenburg von 1870 bis zum Firmenumzug 1975 Kompressoren fertigte, wurde Anfang 1995 das Hotel Alte Werft er\u00f6ffnet. Der Laufkran mit dem riesigen Haken ruht in poppigem Peppermint-Anstrich unter dem Glasdach. Modelle von Meyer-Schiffen dekorieren die W\u00e4nde. M\u00e4chtige Stanz- und Bohrmaschinen beherrschen das Foyer und das Restaurant Schn\u00fcrboden. Diese Relikte des Industriezeitalters verleihen unserem Hotel einen unverwechselbaren Charakter. Eine faszinierende Mischung aus Vergangenheit und Moderne erwartet Sie.<\/p>\n<\/div>\n<\/div><\/div>\n<\/div>\n<\/div>\n<\/div>\n<\/div>\n<\/div>\n<div id=\"cmsmasters_row_nfs4oi8n3\" class=\"cmsmasters_row cmsmasters_color_scheme_default cmsmasters_row_top_default cmsmasters_row_bot_default cmsmasters_row_boxed\">\n<div class=\"cmsmasters_row_outer_parent\">\n<div class=\"cmsmasters_row_outer\">\n<div class=\"cmsmasters_row_inner\">\n<div class=\"cmsmasters_row_margin\">\n<div id=\"cmsmasters_column_xlgv4kfvun\" class=\"cmsmasters_column one_first\">\n<div class=\"cmsmasters_column_inner\"><div id=\"cmsmasters_counters_coytoemke9\" class=\"cmsmasters_counters counters_type_vertical\"><div class=\"cmsmasters_counter_wrap one_fourth\">\n<div id=\"cmsmasters_counter_p4hsgxo9h8\" class=\"cmsmasters_counter counter_has_icon\" data-percent=\"14\">\n<div class=\"cmsmasters_counter_inner cmsmasters-icon-bus\">\n<span class=\"cmsmasters_counter_counter_wrap\">\n<span class=\"cmsmasters_counter_prefix\"><\/span><span class=\"cmsmasters_counter_counter\">0<\/span><span class=\"cmsmasters_counter_suffix\"><\/span>\n<\/span>\n<span class=\"cmsmasters_counter_title\">Busparkpl\u00e4tze<\/span>\n<\/div>\n<\/div>\n<\/div><div class=\"cmsmasters_counter_wrap one_fourth\">\n<div id=\"cmsmasters_counter_a42i4h06ac\" class=\"cmsmasters_counter counter_has_icon\" data-percent=\"24\">\n<div class=\"cmsmasters_counter_inner cmsmasters-icon-coffee\">\n<span class=\"cmsmasters_counter_counter_wrap\">\n<span class=\"cmsmasters_counter_prefix\"><\/span><span class=\"cmsmasters_counter_counter\">0<\/span><span class=\"cmsmasters_counter_suffix\"><\/span>\n<\/span>\n<span class=\"cmsmasters_counter_title\">verschiedene Teesorten<\/span>\n<\/div>\n<\/div>\n<\/div><div class=\"cmsmasters_counter_wrap one_fourth\">\n<div id=\"cmsmasters_counter_57hvkpff2\" class=\"cmsmasters_counter counter_has_icon\" data-percent=\"230\">\n<div class=\"cmsmasters_counter_inner cmsmasters-icon-drive\">\n<span class=\"cmsmasters_counter_counter_wrap\">\n<span class=\"cmsmasters_counter_prefix\"><\/span><span class=\"cmsmasters_counter_counter\">0<\/span><span class=\"cmsmasters_counter_suffix\"><\/span>\n<\/span>\n<span class=\"cmsmasters_counter_title\">kostenlose Parkpl\u00e4tze<\/span>\n<\/div>\n<\/div>\n<\/div><div class=\"cmsmasters_counter_wrap one_fourth\">\n<div id=\"cmsmasters_counter_gtcumkmaqn\" class=\"cmsmasters_counter counter_has_icon\" data-percent=\"1000\">\n<div class=\"cmsmasters_counter_inner cmsmasters-icon-calendar\">\n<span class=\"cmsmasters_counter_counter_wrap\">\n<span class=\"cmsmasters_counter_prefix\"><\/span><span class=\"cmsmasters_counter_counter\">0<\/span><span class=\"cmsmasters_counter_suffix\">+ Pers.<\/span>\n<\/span>\n<span class=\"cmsmasters_counter_title\">Veranstaltungen<\/span>\n<\/div>\n<\/div>\n<\/div><\/div>\n<\/div><\/div>\n<\/div>\n<\/div>\n<\/div>\n<\/div>\n<\/div>\n<div id=\"cmsmasters_row_ognt29utnl\" class=\"cmsmasters_row cmsmasters_color_scheme_default cmsmasters_row_top_default cmsmasters_row_bot_default cmsmasters_row_boxed\">\n<div class=\"cmsmasters_row_outer_parent\">\n<div class=\"cmsmasters_row_outer\">\n<div class=\"cmsmasters_row_inner\">\n<div class=\"cmsmasters_row_margin\">\n<div id=\"cmsmasters_column_w12a0be9r\" class=\"cmsmasters_column one_fourth\">\n<div class=\"cmsmasters_column_inner\"><div id=\"cmsmasters_heading_c8dt5m8u88\" class=\"cmsmasters_heading_wrap cmsmasters_heading_align_left\">\n\t<h2 class=\"cmsmasters_heading\">Historie<\/h2>\n<\/div>\n<div id=\"cmsmasters_divider_1w0czj4mw0\" class=\"cmsmasters_divider cmsmasters_divider_width_short cmsmasters_divider_pos_left\"><\/div>\n<div id=\"cmsmasters_heading_qf9rimovv\" class=\"cmsmasters_heading_wrap cmsmasters_heading_align_left\">\n\t<h4 class=\"cmsmasters_heading\">Tauchen Sie ein in die Geschichte Papenburgs und des Hotel Alte Werft <\/h4>\n<\/div><div id=\"cmsmasters_button_0g927op9mo\" class=\"button_wrap\"><a href=\"https:\/\/www.hotel-alte-werft.de\/de\/Informieren\/Geschichte\" class=\"cmsmasters_button\"><span>Unsere Geschichte<\/span><\/a><\/div>\n<\/div><\/div>\n<div id=\"cmsmasters_column_n4pn4uivg\" class=\"cmsmasters_column one_fourth\">\n<div class=\"cmsmasters_column_inner\"><\/div><\/div>\n<div id=\"cmsmasters_column_9931qhfi8a\" class=\"cmsmasters_column one_fourth\">\n<div class=\"cmsmasters_column_inner\"><\/div><\/div>\n<div id=\"cmsmasters_column_4d5i2cbmh\" class=\"cmsmasters_column one_fourth\">\n<div class=\"cmsmasters_column_inner\"><\/div><\/div>\n<\/div>\n<\/div>\n<\/div>\n<\/div>\n<\/div>\n<div id=\"cmsmasters_row_aoas9wxkdq\" class=\"cmsmasters_row cmsmasters_color_scheme_default cmsmasters_row_top_default cmsmasters_row_bot_default cmsmasters_row_boxed\">\n<div class=\"cmsmasters_row_outer_parent\">\n<div class=\"cmsmasters_row_outer\">\n<div class=\"cmsmasters_row_inner\">\n<div class=\"cmsmasters_row_margin\">\n<div id=\"cmsmasters_column_1pzwb3qcmu\" class=\"cmsmasters_column one_first\">\n<div class=\"cmsmasters_column_inner\"><div class=\"cmsmasters_text\">\n<p>Ob lebendige Geschichte, faszinierende Natur oder modernste Technik. Keine Frage, die Stadt Papenburg mit ihren vielen Kan\u00e4len hat viel zu bieten. Entdecken Sie die \u00e4lteste und l\u00e4ngste Fehnkolonie Deutschlands.<\/p>\n<\/div>\n<div id=\"cmsmasters_video_wrap_\" class=\"cmsmasters_video_wrap\">\n<iframe loading=\"lazy\" title=\"Papenburg - Willkommen in der Stadt der Pioniere!\" width=\"1160\" height=\"653\" src=\"https:\/\/www.youtube.com\/embed\/2rJyqzxWvbc?feature=oembed\" frameborder=\"0\" allow=\"accelerometer; autoplay; clipboard-write; encrypted-media; gyroscope; picture-in-picture\" allowfullscreen><\/iframe>\n<\/div>\n<\/div><\/div>\n<\/div>\n<\/div>\n<\/div>\n<\/div>\n<\/div>\n<div id=\"cmsmasters_row_74759b2a14\" class=\"cmsmasters_row cmsmasters_color_scheme_default cmsmasters_row_top_default cmsmasters_row_bot_default cmsmasters_row_boxed\">\n<div class=\"cmsmasters_row_outer_parent\">\n<div class=\"cmsmasters_row_outer\">\n<div class=\"cmsmasters_row_inner\">\n<div class=\"cmsmasters_row_margin\">\n<div id=\"cmsmasters_column_58b1978fe9\" class=\"cmsmasters_column one_first\">\n<div class=\"cmsmasters_column_inner\"><div id=\"cmsmasters_heading_519f3cebd3\" class=\"cmsmasters_heading_wrap cmsmasters_heading_align_center\">\n\t<h3 class=\"cmsmasters_heading\">Winner<\/h3>\n<\/div><div id=\"cmsmasters_heading_0ca5726ab2\" class=\"cmsmasters_heading_wrap cmsmasters_heading_align_center\">\n\t<h2 class=\"cmsmasters_heading\">Unsere Awards<\/h2>\n<\/div>\n<\/div><\/div>\n<\/div>\n<\/div>\n<\/div>\n<\/div>\n<\/div>\n<div id=\"cmsmasters_row_73a24ff060\" class=\"cmsmasters_row cmsmasters_color_scheme_default cmsmasters_row_top_default cmsmasters_row_bot_default cmsmasters_row_boxed\">\n<div class=\"cmsmasters_row_outer_parent\">\n<div class=\"cmsmasters_row_outer\">\n<div class=\"cmsmasters_row_inner\">\n<div class=\"cmsmasters_row_margin\">\n<div id=\"cmsmasters_column_f5f874d981\" class=\"cmsmasters_column one_half\">\n<div class=\"cmsmasters_column_inner\"><div id=\"cmsmasters_heading_affe567e68\" class=\"cmsmasters_heading_wrap cmsmasters_heading_align_left\">\n\t<h3 class=\"cmsmasters_heading\">2024\/2025<\/h3>\n<\/div><div class=\"cmsmasters_text\">\n<p>Stolz pr\u00e4sentieren wir Ihnen einige unserer zahlreichen Auszeichnungen: Vielen Dank an unsere G\u00e4ste f\u00fcr die vielen Weiterempfehlungen. \u00dcber unsere Auszeichnungen freuen wir uns ganz besonders. Wir pr\u00e4sentieren uns mit zahlreichen Auszeichnungen als erstklassige Adresse f\u00fcr Urlauber, Tagungen und Hochzeiten.<\/p>\n<\/div>\n<\/div><\/div>\n<div id=\"cmsmasters_column_d0cb116231\" class=\"cmsmasters_column one_half\">\n<div class=\"cmsmasters_column_inner\"><div class=\"cmsmasters_clients_grid_wrap\">\n<div id=\"cmsmasters_clients_705fd1b3f5\" class=\"cmsmasters_clients_grid clients_two\">\n<div class=\"cmsmasters_clients_items slides\">\n<div class=\"cmsmasters_clients_item item\"><img decoding=\"async\" src=\"https:\/\/hotelmappe.hotel-alte-werft.de\/de\/wp-content\/uploads\/2025\/05\/Widget_Kurzurlaub.png\" alt=\"Kurzurlaub\" title=\"Kurzurlaub\" \/><\/div><div class=\"cmsmasters_clients_item item\"><img decoding=\"async\" src=\"https:\/\/hotelmappe.hotel-alte-werft.de\/de\/wp-content\/uploads\/2021\/10\/hrs-1.png\" alt=\"hrs_2021\" title=\"hrs_2021\" \/><\/div><div class=\"cmsmasters_clients_item item\"><img decoding=\"async\" src=\"https:\/\/hotelmappe.hotel-alte-werft.de\/de\/wp-content\/uploads\/2023\/11\/Tripadvisor_2023.png\" alt=\"TripAdvisor\" title=\"TripAdvisor\" \/><\/div><div class=\"cmsmasters_clients_item item\"><img decoding=\"async\" src=\"https:\/\/hotelmappe.hotel-alte-werft.de\/de\/wp-content\/uploads\/2023\/11\/Booking_Award_2023.png\" alt=\"Booking\" title=\"Booking\" \/><\/div><div class=\"cmsmasters_clients_item item\"><img decoding=\"async\" src=\"https:\/\/hotelmappe.hotel-alte-werft.de\/de\/wp-content\/uploads\/2024\/05\/HolidayCheck_300_de-e1716444664181.png\" alt=\"Holiday Check\" title=\"Holiday Check\" \/><\/div><div class=\"cmsmasters_clients_item item\"><img decoding=\"async\" src=\"https:\/\/hotelmappe.hotel-alte-werft.de\/de\/wp-content\/uploads\/2024\/09\/boYKseEPIAU.png\" alt=\"Schlummer-Atlas\" title=\"Schlummer-Atlas\" \/><\/div><\/div>\n<\/div>\n<\/div>\n<\/div><\/div>\n<\/div>\n<\/div>\n<\/div>\n<\/div>\n<\/div>\n\n","protected":false},"excerpt":{"rendered":"","protected":false},"author":1,"featured_media":0,"parent":0,"menu_order":3,"comment_status":"closed","ping_status":"closed","template":"","meta":{"_exactmetrics_skip_tracking":false,"_exactmetrics_sitenote_active":false,"_exactmetrics_sitenote_note":"","_exactmetrics_sitenote_category":0,"footnotes":""},"class_list":["post-17198","page","type-page","status-publish","hentry"],"yoast_head":"<!-- This site is optimized with the Yoast SEO plugin v22.0 - https:\/\/yoast.com\/wordpress\/plugins\/seo\/ -->\n<title>Herzlich willkommen - Digitale G\u00e4stemappe<\/title>\n<meta name=\"robots\" content=\"index, follow, max-snippet:-1, max-image-preview:large, max-video-preview:-1\" \/>\n<link rel=\"canonical\" href=\"https:\/\/hotelmappe.hotel-alte-werft.de\/de\/herzlich-willkommen\/\" \/>\n<meta property=\"og:locale\" content=\"de_DE\" \/>\n<meta property=\"og:type\" content=\"article\" \/>\n<meta property=\"og:title\" content=\"Herzlich willkommen - Digitale G\u00e4stemappe\" \/>\n<meta property=\"og:url\" content=\"https:\/\/hotelmappe.hotel-alte-werft.de\/de\/herzlich-willkommen\/\" \/>\n<meta property=\"og:site_name\" content=\"Digitale G\u00e4stemappe\" \/>\n<meta property=\"article:modified_time\" content=\"2025-05-16T08:03:07+00:00\" \/>\n<meta name=\"twitter:card\" content=\"summary_large_image\" \/>\n<meta name=\"twitter:label1\" content=\"Gesch\u00e4tzte Lesezeit\" \/>\n\t<meta name=\"twitter:data1\" content=\"3\u00a0Minuten\" \/>\n<script type=\"application\/ld+json\" class=\"yoast-schema-graph\">{\"@context\":\"https:\/\/schema.org\",\"@graph\":[{\"@type\":\"WebPage\",\"@id\":\"https:\/\/hotelmappe.hotel-alte-werft.de\/de\/herzlich-willkommen\/\",\"url\":\"https:\/\/hotelmappe.hotel-alte-werft.de\/de\/herzlich-willkommen\/\",\"name\":\"Herzlich willkommen - Digitale G\u00e4stemappe\",\"isPartOf\":{\"@id\":\"https:\/\/hotelmappe.hotel-alte-werft.de\/de\/#website\"},\"datePublished\":\"2021-09-27T15:56:59+00:00\",\"dateModified\":\"2025-05-16T08:03:07+00:00\",\"breadcrumb\":{\"@id\":\"https:\/\/hotelmappe.hotel-alte-werft.de\/de\/herzlich-willkommen\/#breadcrumb\"},\"inLanguage\":\"de\",\"potentialAction\":[{\"@type\":\"ReadAction\",\"target\":[\"https:\/\/hotelmappe.hotel-alte-werft.de\/de\/herzlich-willkommen\/\"]}]},{\"@type\":\"BreadcrumbList\",\"@id\":\"https:\/\/hotelmappe.hotel-alte-werft.de\/de\/herzlich-willkommen\/#breadcrumb\",\"itemListElement\":[{\"@type\":\"ListItem\",\"position\":1,\"name\":\"Home\",\"item\":\"https:\/\/hotelmappe.hotel-alte-werft.de\/de\/\"},{\"@type\":\"ListItem\",\"position\":2,\"name\":\"Herzlich willkommen\"}]},{\"@type\":\"WebSite\",\"@id\":\"https:\/\/hotelmappe.hotel-alte-werft.de\/de\/#website\",\"url\":\"https:\/\/hotelmappe.hotel-alte-werft.de\/de\/\",\"name\":\"Digitale G\u00e4stemappe\",\"description\":\"\",\"potentialAction\":[{\"@type\":\"SearchAction\",\"target\":{\"@type\":\"EntryPoint\",\"urlTemplate\":\"https:\/\/hotelmappe.hotel-alte-werft.de\/de\/?s={search_term_string}\"},\"query-input\":\"required name=search_term_string\"}],\"inLanguage\":\"de\"}]}<\/script>\n<!-- \/ Yoast SEO plugin. -->","yoast_head_json":{"title":"Herzlich willkommen - Digitale G\u00e4stemappe","robots":{"index":"index","follow":"follow","max-snippet":"max-snippet:-1","max-image-preview":"max-image-preview:large","max-video-preview":"max-video-preview:-1"},"canonical":"https:\/\/hotelmappe.hotel-alte-werft.de\/de\/herzlich-willkommen\/","og_locale":"de_DE","og_type":"article","og_title":"Herzlich willkommen - Digitale G\u00e4stemappe","og_url":"https:\/\/hotelmappe.hotel-alte-werft.de\/de\/herzlich-willkommen\/","og_site_name":"Digitale G\u00e4stemappe","article_modified_time":"2025-05-16T08:03:07+00:00","twitter_card":"summary_large_image","twitter_misc":{"Gesch\u00e4tzte Lesezeit":"3\u00a0Minuten"},"schema":{"@context":"https:\/\/schema.org","@graph":[{"@type":"WebPage","@id":"https:\/\/hotelmappe.hotel-alte-werft.de\/de\/herzlich-willkommen\/","url":"https:\/\/hotelmappe.hotel-alte-werft.de\/de\/herzlich-willkommen\/","name":"Herzlich willkommen - Digitale G\u00e4stemappe","isPartOf":{"@id":"https:\/\/hotelmappe.hotel-alte-werft.de\/de\/#website"},"datePublished":"2021-09-27T15:56:59+00:00","dateModified":"2025-05-16T08:03:07+00:00","breadcrumb":{"@id":"https:\/\/hotelmappe.hotel-alte-werft.de\/de\/herzlich-willkommen\/#breadcrumb"},"inLanguage":"de","potentialAction":[{"@type":"ReadAction","target":["https:\/\/hotelmappe.hotel-alte-werft.de\/de\/herzlich-willkommen\/"]}]},{"@type":"BreadcrumbList","@id":"https:\/\/hotelmappe.hotel-alte-werft.de\/de\/herzlich-willkommen\/#breadcrumb","itemListElement":[{"@type":"ListItem","position":1,"name":"Home","item":"https:\/\/hotelmappe.hotel-alte-werft.de\/de\/"},{"@type":"ListItem","position":2,"name":"Herzlich willkommen"}]},{"@type":"WebSite","@id":"https:\/\/hotelmappe.hotel-alte-werft.de\/de\/#website","url":"https:\/\/hotelmappe.hotel-alte-werft.de\/de\/","name":"Digitale G\u00e4stemappe","description":"","potentialAction":[{"@type":"SearchAction","target":{"@type":"EntryPoint","urlTemplate":"https:\/\/hotelmappe.hotel-alte-werft.de\/de\/?s={search_term_string}"},"query-input":"required name=search_term_string"}],"inLanguage":"de"}]}},"_links":{"self":[{"href":"https:\/\/hotelmappe.hotel-alte-werft.de\/de\/wp-json\/wp\/v2\/pages\/17198","targetHints":{"allow":["GET"]}}],"collection":[{"href":"https:\/\/hotelmappe.hotel-alte-werft.de\/de\/wp-json\/wp\/v2\/pages"}],"about":[{"href":"https:\/\/hotelmappe.hotel-alte-werft.de\/de\/wp-json\/wp\/v2\/types\/page"}],"author":[{"embeddable":true,"href":"https:\/\/hotelmappe.hotel-alte-werft.de\/de\/wp-json\/wp\/v2\/users\/1"}],"replies":[{"embeddable":true,"href":"https:\/\/hotelmappe.hotel-alte-werft.de\/de\/wp-json\/wp\/v2\/comments?post=17198"}],"version-history":[{"count":40,"href":"https:\/\/hotelmappe.hotel-alte-werft.de\/de\/wp-json\/wp\/v2\/pages\/17198\/revisions"}],"predecessor-version":[{"id":18166,"href":"https:\/\/hotelmappe.hotel-alte-werft.de\/de\/wp-json\/wp\/v2\/pages\/17198\/revisions\/18166"}],"wp:attachment":[{"href":"https:\/\/hotelmappe.hotel-alte-werft.de\/de\/wp-json\/wp\/v2\/media?parent=17198"}],"curies":[{"name":"wp","href":"https:\/\/api.w.org\/{rel}","templated":true}]}}