{"id":17903,"date":"2023-04-20T09:17:22","date_gmt":"2023-04-20T07:17:28","guid":{"rendered":"https:\/\/hotelmappe.hotel-alte-werft.de\/de\/gastronomie-2\/"},"modified":"2023-07-31T10:27:23","modified_gmt":"2023-07-31T08:27:23","slug":"nespresso-kaffeemaschine","status":"publish","type":"page","link":"https:\/\/hotelmappe.hotel-alte-werft.de\/de\/nespresso-kaffeemaschine\/","title":{"rendered":"Espresso-Maschine"},"content":{"rendered":"<div id=\"cmsmasters_row_2e672f4749\" class=\"cmsmasters_row cmsmasters_color_scheme_default cmsmasters_row_top_default cmsmasters_row_bot_default cmsmasters_row_boxed\">\n<div class=\"cmsmasters_row_outer_parent\">\n<div class=\"cmsmasters_row_outer\">\n<div class=\"cmsmasters_row_inner\">\n<div class=\"cmsmasters_row_margin\">\n<div id=\"cmsmasters_column_40ad6c17bc\" class=\"cmsmasters_column one_first\">\n<div class=\"cmsmasters_column_inner\"><div id=\"cmsmasters_heading_b653e4155b\" class=\"cmsmasters_heading_wrap cmsmasters_heading_align_center\">\n\t<h3 class=\"cmsmasters_heading\">Bedienungsanleitung<\/h3>\n<\/div><div id=\"cmsmasters_heading_e6df6c9045\" class=\"cmsmasters_heading_wrap cmsmasters_heading_align_center\">\n\t<h2 class=\"cmsmasters_heading\">Espresso-Maschine<\/h2>\n<\/div>\n<div id=\"cmsmasters_divider_qgx963h7gj\" class=\"cl\"><\/div>\n<div class=\"cmsmasters_img  cmsmasters_image_n\"><img decoding=\"async\" src=\"https:\/\/hotelmappe.hotel-alte-werft.de\/de\/wp-content\/uploads\/2023\/04\/Anleitung_NespressoMaschine.jpg\" \/><\/div>\n<div id=\"cmsmasters_divider_euzdq48s4a\" class=\"cl\"><\/div>\n<div class=\"cmsmasters_text\">\n<p>1. Schlie\u00dfen Sie die Maschine an das Stromnetz an.<\/p>\n<p>2. Nehmen Sie den Wassertank (hinter der Maschine) um diesen mit Wasser aufzuf\u00fcllen.<\/p>\n<p>3. F\u00fcllen Sie den Wassertank mit Wasser aus dem Wasserhahn \u2013 h\u00f6chstens bis zur vorgezeichneten Linie. Setzen Sie den Wassertank wieder ein. Pr\u00fcfen Sie, ob der Wassertank exakt mit der Maschine verbunden ist und gerade steht.<\/p>\n<p>4. \u00d6ffnen Sie den Hebel der Maschine f\u00fcr die Kapsel, indem Sie den Hebel von vorne leicht nach oben dr\u00fccken. Es \u00f6ffnet sich hierbei die Luke f\u00fcr die Kapsel.<\/p>\n<p>5. Nehmen Sie eine Kapsel Ihrer Wahl und stecken Sie diese in die \u00d6ffnung der Kaffeemaschine. Beachten Sie bitte, dass der breitere Teil der Kapsel in Ihre Richtung, bzw. in Richtung Kaffeeauslauf zeigt (siehe Bild in der Anleitung)<\/p>\n<p>6. Schlie\u00dfen Sie den Hebel wieder, indem Sie diesen<br \/>\nwieder nach unten in Ihre Richtung dr\u00fccken.<\/p>\n<p>7. Pr\u00fcfen Sie, ob der Hebel fest verschlossen ist.<\/p>\n<p>8. Um die Maschine jetzt einzuschalten, dr\u00fccken Sie entweder die Espresso- oder die Lungo-Taste oberhalb der Maschine (nahe am Wassertank).<\/p>\n<p>9. Tasten blinken: Aufheizphase (ca. 25 sek.)<br \/>\nTasten leuchten konstant: Maschine ist betriebsbereit<\/p>\n<p>10. Stellen Sie jetzt eine Tasse auf das Abtropfgitter unter den Kaffeeauslauf.<\/p>\n<p>11. Dr\u00fccken Sie nun je nach Wunsch auf die Espresso-Taste (kleine Tasse)<br \/>\noder auf die Lungo-Tasse (gro\u00dfe Tasse)<\/p>\n<p>12. Genie\u00dfen Sie nun Ihre wohlverdiente Tasse Kaffee oder Tee. Bei weiteren Fragen k\u00f6nnen Sie uns gerne jederzeit kontaktieren. Ihr Team vom Hotel Alte Werft.<\/p>\n<\/div>\n<\/div><\/div>\n<div id=\"cmsmasters_column_laru0ydt3r\" class=\"cmsmasters_column one_first\">\n<div class=\"cmsmasters_column_inner\"><\/div><\/div>\n<div id=\"cmsmasters_column_g36on8ekcp\" class=\"cmsmasters_column one_first\">\n<div class=\"cmsmasters_column_inner\"><\/div><\/div>\n<\/div>\n<\/div>\n<\/div>\n<\/div>\n<\/div>\n<div id=\"cmsmasters_row_71e2482c81\" class=\"cmsmasters_row cmsmasters_color_scheme_default cmsmasters_row_top_default cmsmasters_row_bot_default cmsmasters_row_boxed\">\n<div class=\"cmsmasters_row_outer_parent\">\n<div class=\"cmsmasters_row_outer\">\n<div class=\"cmsmasters_row_inner\">\n<div class=\"cmsmasters_row_margin\">\n<div id=\"cmsmasters_column_759ec1e3c7\" class=\"cmsmasters_column one_first\">\n<div class=\"cmsmasters_column_inner\">\n<div class=\"cmsmasters_posts_slider\" >\r\n\t\t<div id=\"cmsmasters_slider_9a5902c239\" class=\"cmsmasters_owl_slider owl-carousel\" data-items=\"1\" data-pagination=\"true\" data-navigation=\"false\" data-single-item=\"false\" data-auto-play=\"10000\"><div class=\"cmsmasters_owl_slider_item\"><!-- Start Posts Slider Project Article -->\r\n<article id=\"post-17909\" class=\"cmsmasters_slider_project post-17909 project type-project status-publish format-standard has-post-thumbnail hentry pj-categs-nespresso\">\r\n\t<div class=\"cmsmasters_slider_project_outer\">\r\n\t<div class=\"project_img_wrap \"><div class=\"cmsmasters_atach_img\" style=\"background-image: url(https:\/\/hotelmappe.hotel-alte-werft.de\/de\/wp-content\/uploads\/2023\/04\/Testbild_Kapseln.jpg)\"><\/div><\/div><div class=\"cmsmasters_slider_project_inner\"><header class=\"cmsmasters_slider_project_header entry-header\"><h3 class=\"cmsmasters_slider_project_title entry-title\"><a href=\"https:\/\/hotelmappe.hotel-alte-werft.de\/de\/room\/kapseln\/\">Bio-Kaffee und Tee<\/a><\/h3><\/header><h3 class=\"cmsmasters_project_subtitle\">von My Coffee Cup<\/h3><div class=\"cmsmasters_slider_project_content entry-content\">\n<p>Genie\u00dfen Sie exzellenten Bio-Kaffee von My Coffee Cup, in klimaneutralen und industriell kompostierbaren Kapseln. Die Kapseln von My Cups bestehen aus  \u00fcber 85% biobasierten Rohstoffen.<\/p>\n<\/div>\n<div class=\"cmsmasters_slider_project_info_wrap\"><a class=\"cmsmasters_slider_post_read_more\" href=\"https:\/\/hotelmappe.hotel-alte-werft.de\/de\/room\/kapseln\/\">Learn More<\/a><\/div><\/div>\t<\/div>\r\n<\/article>\r\n<!-- Finish Posts Slider Project Article -->\r\n\r\n<\/div><\/div><\/div>\n<\/div><\/div>\n<\/div>\n<\/div>\n<\/div>\n<\/div>\n<\/div>\n<div id=\"cmsmasters_row_6rq4tvb6dv\" class=\"cmsmasters_row cmsmasters_color_scheme_default cmsmasters_row_top_default cmsmasters_row_bot_default cmsmasters_row_boxed\">\n<div class=\"cmsmasters_row_outer_parent\">\n<div class=\"cmsmasters_row_outer\">\n<div class=\"cmsmasters_row_inner\">\n<div class=\"cmsmasters_row_margin\">\n<div id=\"cmsmasters_column_fgrr0hhmrk\" class=\"cmsmasters_column one_third\">\n<div class=\"cmsmasters_column_inner\"><div id=\"cmsmasters_icon_box_6c67xszjk\" class=\"cmsmasters_icon_box cmsmasters_icon_heading_left box_icon_type_icon\">\n<div class=\"icon_box_inner\">\n<h3 class=\"icon_box_heading cmsmasters-icon-award-alt\">Noch intensiver im Geschmack<\/h3>\n<div class=\"icon_box_text\">\n<p>Der Geschmack unseres Kaffees hat f\u00fcr uns oberste Priorit\u00e4t.<\/p>\n<\/div>\n<\/div>\n<\/div>\n<\/div><\/div>\n<div id=\"cmsmasters_column_l9ea1o75ig\" class=\"cmsmasters_column one_third\">\n<div class=\"cmsmasters_column_inner\"><div id=\"cmsmasters_icon_box_x5l0kt9wys\" class=\"cmsmasters_icon_box cmsmasters_icon_heading_left box_icon_type_icon\">\n<div class=\"icon_box_inner\">\n<h3 class=\"icon_box_heading cmsmasters-icon-custom-breakfast\">Unvergessliche Momente<\/h3>\n<div class=\"icon_box_text\">\n<p>Kaffee, der Erinnerungen schafft und Emotionen weckt.<\/p>\n<\/div>\n<\/div>\n<\/div>\n<\/div><\/div>\n<div id=\"cmsmasters_column_eh0yii9giw\" class=\"cmsmasters_column one_third\">\n<div class=\"cmsmasters_column_inner\"><div id=\"cmsmasters_icon_box_av4tfkvgfn\" class=\"cmsmasters_icon_box cmsmasters_icon_heading_left box_icon_type_icon\">\n<div class=\"icon_box_inner\">\n<h3 class=\"icon_box_heading cmsmasters-icon-recycle\">Gartenkompostierbare Kapseln<\/h3>\n<div class=\"icon_box_text\">\n<p>Wir verbinden hochwertigen Bio-Genuss mit Umweltvertr\u00e4glichkeit.<\/p>\n<\/div>\n<\/div>\n<\/div>\n<\/div><\/div>\n<\/div>\n<\/div>\n<\/div>\n<\/div>\n<\/div>\n\n","protected":false},"excerpt":{"rendered":"","protected":false},"author":1,"featured_media":0,"parent":0,"menu_order":9,"comment_status":"closed","ping_status":"closed","template":"","meta":{"_exactmetrics_skip_tracking":false,"_exactmetrics_sitenote_active":false,"_exactmetrics_sitenote_note":"","_exactmetrics_sitenote_category":0,"footnotes":""},"class_list":["post-17903","page","type-page","status-publish","hentry"],"yoast_head":"<!-- This site is optimized with the Yoast SEO plugin v22.0 - https:\/\/yoast.com\/wordpress\/plugins\/seo\/ -->\n<title>Espresso-Maschine - Digitale G\u00e4stemappe<\/title>\n<meta name=\"robots\" content=\"index, follow, max-snippet:-1, max-image-preview:large, max-video-preview:-1\" \/>\n<link rel=\"canonical\" href=\"https:\/\/hotelmappe.hotel-alte-werft.de\/de\/nespresso-kaffeemaschine\/\" \/>\n<meta property=\"og:locale\" content=\"de_DE\" \/>\n<meta property=\"og:type\" content=\"article\" \/>\n<meta property=\"og:title\" content=\"Espresso-Maschine - Digitale G\u00e4stemappe\" \/>\n<meta property=\"og:url\" content=\"https:\/\/hotelmappe.hotel-alte-werft.de\/de\/nespresso-kaffeemaschine\/\" \/>\n<meta property=\"og:site_name\" content=\"Digitale G\u00e4stemappe\" \/>\n<meta property=\"article:modified_time\" content=\"2023-07-31T08:27:23+00:00\" \/>\n<meta name=\"twitter:card\" content=\"summary_large_image\" \/>\n<meta name=\"twitter:label1\" content=\"Gesch\u00e4tzte Lesezeit\" \/>\n\t<meta name=\"twitter:data1\" content=\"3\u00a0Minuten\" \/>\n<script type=\"application\/ld+json\" class=\"yoast-schema-graph\">{\"@context\":\"https:\/\/schema.org\",\"@graph\":[{\"@type\":\"WebPage\",\"@id\":\"https:\/\/hotelmappe.hotel-alte-werft.de\/de\/nespresso-kaffeemaschine\/\",\"url\":\"https:\/\/hotelmappe.hotel-alte-werft.de\/de\/nespresso-kaffeemaschine\/\",\"name\":\"Espresso-Maschine - Digitale G\u00e4stemappe\",\"isPartOf\":{\"@id\":\"https:\/\/hotelmappe.hotel-alte-werft.de\/de\/#website\"},\"datePublished\":\"2023-04-20T07:17:28+00:00\",\"dateModified\":\"2023-07-31T08:27:23+00:00\",\"breadcrumb\":{\"@id\":\"https:\/\/hotelmappe.hotel-alte-werft.de\/de\/nespresso-kaffeemaschine\/#breadcrumb\"},\"inLanguage\":\"de\",\"potentialAction\":[{\"@type\":\"ReadAction\",\"target\":[\"https:\/\/hotelmappe.hotel-alte-werft.de\/de\/nespresso-kaffeemaschine\/\"]}]},{\"@type\":\"BreadcrumbList\",\"@id\":\"https:\/\/hotelmappe.hotel-alte-werft.de\/de\/nespresso-kaffeemaschine\/#breadcrumb\",\"itemListElement\":[{\"@type\":\"ListItem\",\"position\":1,\"name\":\"Home\",\"item\":\"https:\/\/hotelmappe.hotel-alte-werft.de\/de\/\"},{\"@type\":\"ListItem\",\"position\":2,\"name\":\"Espresso-Maschine\"}]},{\"@type\":\"WebSite\",\"@id\":\"https:\/\/hotelmappe.hotel-alte-werft.de\/de\/#website\",\"url\":\"https:\/\/hotelmappe.hotel-alte-werft.de\/de\/\",\"name\":\"Digitale G\u00e4stemappe\",\"description\":\"\",\"potentialAction\":[{\"@type\":\"SearchAction\",\"target\":{\"@type\":\"EntryPoint\",\"urlTemplate\":\"https:\/\/hotelmappe.hotel-alte-werft.de\/de\/?s={search_term_string}\"},\"query-input\":\"required name=search_term_string\"}],\"inLanguage\":\"de\"}]}<\/script>\n<!-- \/ Yoast SEO plugin. -->","yoast_head_json":{"title":"Espresso-Maschine - Digitale G\u00e4stemappe","robots":{"index":"index","follow":"follow","max-snippet":"max-snippet:-1","max-image-preview":"max-image-preview:large","max-video-preview":"max-video-preview:-1"},"canonical":"https:\/\/hotelmappe.hotel-alte-werft.de\/de\/nespresso-kaffeemaschine\/","og_locale":"de_DE","og_type":"article","og_title":"Espresso-Maschine - Digitale G\u00e4stemappe","og_url":"https:\/\/hotelmappe.hotel-alte-werft.de\/de\/nespresso-kaffeemaschine\/","og_site_name":"Digitale G\u00e4stemappe","article_modified_time":"2023-07-31T08:27:23+00:00","twitter_card":"summary_large_image","twitter_misc":{"Gesch\u00e4tzte Lesezeit":"3\u00a0Minuten"},"schema":{"@context":"https:\/\/schema.org","@graph":[{"@type":"WebPage","@id":"https:\/\/hotelmappe.hotel-alte-werft.de\/de\/nespresso-kaffeemaschine\/","url":"https:\/\/hotelmappe.hotel-alte-werft.de\/de\/nespresso-kaffeemaschine\/","name":"Espresso-Maschine - Digitale G\u00e4stemappe","isPartOf":{"@id":"https:\/\/hotelmappe.hotel-alte-werft.de\/de\/#website"},"datePublished":"2023-04-20T07:17:28+00:00","dateModified":"2023-07-31T08:27:23+00:00","breadcrumb":{"@id":"https:\/\/hotelmappe.hotel-alte-werft.de\/de\/nespresso-kaffeemaschine\/#breadcrumb"},"inLanguage":"de","potentialAction":[{"@type":"ReadAction","target":["https:\/\/hotelmappe.hotel-alte-werft.de\/de\/nespresso-kaffeemaschine\/"]}]},{"@type":"BreadcrumbList","@id":"https:\/\/hotelmappe.hotel-alte-werft.de\/de\/nespresso-kaffeemaschine\/#breadcrumb","itemListElement":[{"@type":"ListItem","position":1,"name":"Home","item":"https:\/\/hotelmappe.hotel-alte-werft.de\/de\/"},{"@type":"ListItem","position":2,"name":"Espresso-Maschine"}]},{"@type":"WebSite","@id":"https:\/\/hotelmappe.hotel-alte-werft.de\/de\/#website","url":"https:\/\/hotelmappe.hotel-alte-werft.de\/de\/","name":"Digitale G\u00e4stemappe","description":"","potentialAction":[{"@type":"SearchAction","target":{"@type":"EntryPoint","urlTemplate":"https:\/\/hotelmappe.hotel-alte-werft.de\/de\/?s={search_term_string}"},"query-input":"required name=search_term_string"}],"inLanguage":"de"}]}},"_links":{"self":[{"href":"https:\/\/hotelmappe.hotel-alte-werft.de\/de\/wp-json\/wp\/v2\/pages\/17903","targetHints":{"allow":["GET"]}}],"collection":[{"href":"https:\/\/hotelmappe.hotel-alte-werft.de\/de\/wp-json\/wp\/v2\/pages"}],"about":[{"href":"https:\/\/hotelmappe.hotel-alte-werft.de\/de\/wp-json\/wp\/v2\/types\/page"}],"author":[{"embeddable":true,"href":"https:\/\/hotelmappe.hotel-alte-werft.de\/de\/wp-json\/wp\/v2\/users\/1"}],"replies":[{"embeddable":true,"href":"https:\/\/hotelmappe.hotel-alte-werft.de\/de\/wp-json\/wp\/v2\/comments?post=17903"}],"version-history":[{"count":12,"href":"https:\/\/hotelmappe.hotel-alte-werft.de\/de\/wp-json\/wp\/v2\/pages\/17903\/revisions"}],"predecessor-version":[{"id":17966,"href":"https:\/\/hotelmappe.hotel-alte-werft.de\/de\/wp-json\/wp\/v2\/pages\/17903\/revisions\/17966"}],"wp:attachment":[{"href":"https:\/\/hotelmappe.hotel-alte-werft.de\/de\/wp-json\/wp\/v2\/media?parent=17903"}],"curies":[{"name":"wp","href":"https:\/\/api.w.org\/{rel}","templated":true}]}}