{"id":18053,"date":"2024-05-16T13:46:12","date_gmt":"2024-05-16T11:46:12","guid":{"rendered":"https:\/\/hotelmappe.hotel-alte-werft.de\/de\/?page_id=18053"},"modified":"2025-08-13T08:19:25","modified_gmt":"2025-08-13T06:19:25","slug":"impressum","status":"publish","type":"page","link":"https:\/\/hotelmappe.hotel-alte-werft.de\/de\/impressum\/","title":{"rendered":"Impressum"},"content":{"rendered":"<div id=\"cmsmasters_row_2e672f4749\" class=\"cmsmasters_row cmsmasters_color_scheme_default cmsmasters_row_top_default cmsmasters_row_bot_default cmsmasters_row_boxed\">\n<div class=\"cmsmasters_row_outer_parent\">\n<div class=\"cmsmasters_row_outer\">\n<div class=\"cmsmasters_row_inner\">\n<div class=\"cmsmasters_row_margin\">\n<div id=\"cmsmasters_column_40ad6c17bc\" class=\"cmsmasters_column one_first\">\n<div class=\"cmsmasters_column_inner\"><div id=\"cmsmasters_heading_b653e4155b\" class=\"cmsmasters_heading_wrap cmsmasters_heading_align_center\">\n\t<h3 class=\"cmsmasters_heading\">Hotel Alte Werft<\/h3>\n<\/div><div id=\"cmsmasters_heading_e6df6c9045\" class=\"cmsmasters_heading_wrap cmsmasters_heading_align_center\">\n\t<h2 class=\"cmsmasters_heading\">Impressum<\/h2>\n<\/div>\n<\/div><\/div>\n<\/div>\n<\/div>\n<\/div>\n<\/div>\n<\/div>\n<div id=\"cmsmasters_row_6f921e35a6\" class=\"cmsmasters_row cmsmasters_color_scheme_default cmsmasters_row_top_default cmsmasters_row_bot_default cmsmasters_row_fullwidth\">\n<div class=\"cmsmasters_row_outer_parent\">\n<div class=\"cmsmasters_row_outer\">\n<div class=\"cmsmasters_row_inner cmsmasters_row_fullwidth\">\n<div class=\"cmsmasters_row_margin\">\n<div id=\"cmsmasters_column_d7f6a5bc76\" class=\"cmsmasters_column one_first\">\n<div class=\"cmsmasters_column_inner\"><\/div><\/div>\n<\/div>\n<\/div>\n<\/div>\n<\/div>\n<\/div>\n<div id=\"cmsmasters_row_7bfee17003\" class=\"cmsmasters_row cmsmasters_color_scheme_default cmsmasters_row_top_default cmsmasters_row_bot_default cmsmasters_row_boxed\">\n<div class=\"cmsmasters_row_outer_parent\">\n<div class=\"cmsmasters_row_outer\">\n<div class=\"cmsmasters_row_inner\">\n<div class=\"cmsmasters_row_margin\">\n<div id=\"cmsmasters_column_80aaa51830\" class=\"cmsmasters_column one_first\">\n<div class=\"cmsmasters_column_inner\"><div class=\"cmsmasters_text\">\n<p>Hotel Alte Werft GmbH &amp; CO. KG<br \/>\n\u00d6lm\u00fchlenweg 1<br \/>\n26871 Papenburg<\/p>\n<h3>Vertreten durch:<\/h3>\n<p>vertreten durch die Hotel Alte Werft Verwaltungs-GmbH<br \/>\nGesch\u00e4ftsf\u00fchrer: Arne Zierow<\/p>\n<h3>Kontakt:<\/h3>\n<p>Telefon: +49 (0) 4961 920 \u2013 0<br \/>\nTelefax: +49 (0) 4961 920 \u2013 100<br \/>\nE-Mail: info@hotel-alte-werft.de<\/p>\n<h3>Registereintrag:<\/h3>\n<p>Eintragung im Handelsregister.<br \/>\nRegistergericht: Amtsgericht Osnabr\u00fcck<br \/>\nRegisternummer: HRB 202 226<\/p>\n<h3>Umsatzsteuer:<\/h3>\n<p>Umsatzsteuer-Identifikationsnummer gem\u00e4\u00df \u00a727 a Umsatzsteuergesetz: DE 261604324<\/p>\n<h3>Streitschlichtung<\/h3>\n<p>Zust\u00e4ndig ist die Universalschlichtungsstelle des Zentrums f\u00fcr Schlichtung e.V., Stra\u00dfburger Stra\u00dfe 8, 77694 Kehl am Rhein (<a href=\"https:\/\/www.verbraucher-schlichter.de\">https:\/\/www.verbraucher-schlichter.de<\/a>). Wir sind nicht bereit oder verpflichtet, an Streitbeilegungsverfahren vor einer Verbraucherschlichtungsstelle teilzunehmen.<\/p>\n<p><strong>Quellenangaben f\u00fcr die verwendeten Bilder und Grafiken<\/strong><\/p>\n<p><a href=\"http:\/\/www.fotolia.de\" target=\"_blank\" rel=\"noopener\">http:\/\/www.fotolia.de<\/a><br \/>\n<a href=\"http:\/\/www.phothomas.de\" target=\"_blank\" rel=\"noopener\">http:\/\/www.phothomas.de<\/a><br \/>\n<a href=\"http:\/\/www.emsland-touristik.de\" target=\"_blank\" rel=\"noopener\">http:\/\/www.emsland-touristik.de<\/a><br \/>\n<a href=\"http:\/\/www.papenburg-tourismus.de\" target=\"_blank\" rel=\"noopener\">http:\/\/www.papenburg-tourismus.de<\/a><\/p>\n<p>FeuerQuell Fotografie<br \/>\nGesch\u00e4ftsf\u00fchrer Jakob Pr\u00f6\u00dfdorf<br \/>\nHeisfelder Stra\u00dfe 73<br \/>\n26789 Leer<br \/>\nMobil: 015786244598<br \/>\nE-Mail: foto@feuerquell.de<\/p>\n<h3>Technische Realisierung<\/h3>\n<p>PLANETHOLDING GMBH<br \/>\n<a href=\"http:\/\/www.planet-holding.com\" target=\"_blank\" rel=\"noopener\">www.planet-holding.com<\/a><\/p>\n<p>&nbsp;<\/p>\n<\/div>\n<\/div><\/div>\n<\/div>\n<\/div>\n<\/div>\n<\/div>\n<\/div>\n\n","protected":false},"excerpt":{"rendered":"","protected":false},"author":1,"featured_media":0,"parent":0,"menu_order":3,"comment_status":"closed","ping_status":"closed","template":"","meta":{"_exactmetrics_skip_tracking":false,"_exactmetrics_sitenote_active":false,"_exactmetrics_sitenote_note":"","_exactmetrics_sitenote_category":0,"footnotes":""},"class_list":["post-18053","page","type-page","status-publish","hentry"],"yoast_head":"<!-- This site is optimized with the Yoast SEO plugin v22.0 - https:\/\/yoast.com\/wordpress\/plugins\/seo\/ -->\n<title>Impressum - Digitale G\u00e4stemappe<\/title>\n<meta name=\"robots\" content=\"index, follow, max-snippet:-1, max-image-preview:large, max-video-preview:-1\" \/>\n<link rel=\"canonical\" href=\"https:\/\/hotelmappe.hotel-alte-werft.de\/de\/impressum\/\" \/>\n<meta property=\"og:locale\" content=\"de_DE\" \/>\n<meta property=\"og:type\" content=\"article\" \/>\n<meta property=\"og:title\" content=\"Impressum - Digitale G\u00e4stemappe\" \/>\n<meta property=\"og:url\" content=\"https:\/\/hotelmappe.hotel-alte-werft.de\/de\/impressum\/\" \/>\n<meta property=\"og:site_name\" content=\"Digitale G\u00e4stemappe\" \/>\n<meta property=\"article:modified_time\" content=\"2025-08-13T06:19:25+00:00\" \/>\n<meta name=\"twitter:card\" content=\"summary_large_image\" \/>\n<meta name=\"twitter:label1\" content=\"Gesch\u00e4tzte Lesezeit\" \/>\n\t<meta name=\"twitter:data1\" content=\"2\u00a0Minuten\" \/>\n<script type=\"application\/ld+json\" class=\"yoast-schema-graph\">{\"@context\":\"https:\/\/schema.org\",\"@graph\":[{\"@type\":\"WebPage\",\"@id\":\"https:\/\/hotelmappe.hotel-alte-werft.de\/de\/impressum\/\",\"url\":\"https:\/\/hotelmappe.hotel-alte-werft.de\/de\/impressum\/\",\"name\":\"Impressum - Digitale G\u00e4stemappe\",\"isPartOf\":{\"@id\":\"https:\/\/hotelmappe.hotel-alte-werft.de\/de\/#website\"},\"datePublished\":\"2024-05-16T11:46:12+00:00\",\"dateModified\":\"2025-08-13T06:19:25+00:00\",\"breadcrumb\":{\"@id\":\"https:\/\/hotelmappe.hotel-alte-werft.de\/de\/impressum\/#breadcrumb\"},\"inLanguage\":\"de\",\"potentialAction\":[{\"@type\":\"ReadAction\",\"target\":[\"https:\/\/hotelmappe.hotel-alte-werft.de\/de\/impressum\/\"]}]},{\"@type\":\"BreadcrumbList\",\"@id\":\"https:\/\/hotelmappe.hotel-alte-werft.de\/de\/impressum\/#breadcrumb\",\"itemListElement\":[{\"@type\":\"ListItem\",\"position\":1,\"name\":\"Home\",\"item\":\"https:\/\/hotelmappe.hotel-alte-werft.de\/de\/\"},{\"@type\":\"ListItem\",\"position\":2,\"name\":\"Impressum\"}]},{\"@type\":\"WebSite\",\"@id\":\"https:\/\/hotelmappe.hotel-alte-werft.de\/de\/#website\",\"url\":\"https:\/\/hotelmappe.hotel-alte-werft.de\/de\/\",\"name\":\"Digitale G\u00e4stemappe\",\"description\":\"\",\"potentialAction\":[{\"@type\":\"SearchAction\",\"target\":{\"@type\":\"EntryPoint\",\"urlTemplate\":\"https:\/\/hotelmappe.hotel-alte-werft.de\/de\/?s={search_term_string}\"},\"query-input\":\"required name=search_term_string\"}],\"inLanguage\":\"de\"}]}<\/script>\n<!-- \/ Yoast SEO plugin. -->","yoast_head_json":{"title":"Impressum - Digitale G\u00e4stemappe","robots":{"index":"index","follow":"follow","max-snippet":"max-snippet:-1","max-image-preview":"max-image-preview:large","max-video-preview":"max-video-preview:-1"},"canonical":"https:\/\/hotelmappe.hotel-alte-werft.de\/de\/impressum\/","og_locale":"de_DE","og_type":"article","og_title":"Impressum - Digitale G\u00e4stemappe","og_url":"https:\/\/hotelmappe.hotel-alte-werft.de\/de\/impressum\/","og_site_name":"Digitale G\u00e4stemappe","article_modified_time":"2025-08-13T06:19:25+00:00","twitter_card":"summary_large_image","twitter_misc":{"Gesch\u00e4tzte Lesezeit":"2\u00a0Minuten"},"schema":{"@context":"https:\/\/schema.org","@graph":[{"@type":"WebPage","@id":"https:\/\/hotelmappe.hotel-alte-werft.de\/de\/impressum\/","url":"https:\/\/hotelmappe.hotel-alte-werft.de\/de\/impressum\/","name":"Impressum - Digitale G\u00e4stemappe","isPartOf":{"@id":"https:\/\/hotelmappe.hotel-alte-werft.de\/de\/#website"},"datePublished":"2024-05-16T11:46:12+00:00","dateModified":"2025-08-13T06:19:25+00:00","breadcrumb":{"@id":"https:\/\/hotelmappe.hotel-alte-werft.de\/de\/impressum\/#breadcrumb"},"inLanguage":"de","potentialAction":[{"@type":"ReadAction","target":["https:\/\/hotelmappe.hotel-alte-werft.de\/de\/impressum\/"]}]},{"@type":"BreadcrumbList","@id":"https:\/\/hotelmappe.hotel-alte-werft.de\/de\/impressum\/#breadcrumb","itemListElement":[{"@type":"ListItem","position":1,"name":"Home","item":"https:\/\/hotelmappe.hotel-alte-werft.de\/de\/"},{"@type":"ListItem","position":2,"name":"Impressum"}]},{"@type":"WebSite","@id":"https:\/\/hotelmappe.hotel-alte-werft.de\/de\/#website","url":"https:\/\/hotelmappe.hotel-alte-werft.de\/de\/","name":"Digitale G\u00e4stemappe","description":"","potentialAction":[{"@type":"SearchAction","target":{"@type":"EntryPoint","urlTemplate":"https:\/\/hotelmappe.hotel-alte-werft.de\/de\/?s={search_term_string}"},"query-input":"required name=search_term_string"}],"inLanguage":"de"}]}},"_links":{"self":[{"href":"https:\/\/hotelmappe.hotel-alte-werft.de\/de\/wp-json\/wp\/v2\/pages\/18053","targetHints":{"allow":["GET"]}}],"collection":[{"href":"https:\/\/hotelmappe.hotel-alte-werft.de\/de\/wp-json\/wp\/v2\/pages"}],"about":[{"href":"https:\/\/hotelmappe.hotel-alte-werft.de\/de\/wp-json\/wp\/v2\/types\/page"}],"author":[{"embeddable":true,"href":"https:\/\/hotelmappe.hotel-alte-werft.de\/de\/wp-json\/wp\/v2\/users\/1"}],"replies":[{"embeddable":true,"href":"https:\/\/hotelmappe.hotel-alte-werft.de\/de\/wp-json\/wp\/v2\/comments?post=18053"}],"version-history":[{"count":18,"href":"https:\/\/hotelmappe.hotel-alte-werft.de\/de\/wp-json\/wp\/v2\/pages\/18053\/revisions"}],"predecessor-version":[{"id":18105,"href":"https:\/\/hotelmappe.hotel-alte-werft.de\/de\/wp-json\/wp\/v2\/pages\/18053\/revisions\/18105"}],"wp:attachment":[{"href":"https:\/\/hotelmappe.hotel-alte-werft.de\/de\/wp-json\/wp\/v2\/media?parent=18053"}],"curies":[{"name":"wp","href":"https:\/\/api.w.org\/{rel}","templated":true}]}}