{"id":18119,"date":"2016-01-07T13:56:06","date_gmt":"2016-01-07T12:56:06","guid":{"rendered":"https:\/\/hotelmappe.hotel-alte-werft.de\/de\/?page_id=18119"},"modified":"2025-02-07T08:57:30","modified_gmt":"2025-02-07T07:57:30","slug":"maxibar","status":"publish","type":"page","link":"https:\/\/hotelmappe.hotel-alte-werft.de\/de\/maxibar\/","title":{"rendered":"Maxibar"},"content":{"rendered":"<div id=\"cmsmasters_row_2e672f4749\" class=\"cmsmasters_row cmsmasters_color_scheme_default cmsmasters_row_top_default cmsmasters_row_bot_default cmsmasters_row_boxed\">\n<div class=\"cmsmasters_row_outer_parent\">\n<div class=\"cmsmasters_row_outer\">\n<div class=\"cmsmasters_row_inner\">\n<div class=\"cmsmasters_row_margin\">\n<div id=\"cmsmasters_column_40ad6c17bc\" class=\"cmsmasters_column one_first\">\n<div class=\"cmsmasters_column_inner\"><div id=\"cmsmasters_heading_b653e4155b\" class=\"cmsmasters_heading_wrap cmsmasters_heading_align_center\">\n\t<h3 class=\"cmsmasters_heading\">Maxibar<\/h3>\n<\/div><div id=\"cmsmasters_heading_e6df6c9045\" class=\"cmsmasters_heading_wrap cmsmasters_heading_align_center\">\n\t<h2 class=\"cmsmasters_heading\">Artikel-\u00dcbersicht<\/h2>\n<\/div><div class=\"cmsmasters_text\">\n<p>Liebe G\u00e4ste,<br \/>\nim Sinne der Nachhaltigkeit verzichten wir zuk\u00fcnftig auf die Minibars in den Standard- und Superiorzimmern. Stattdessen freuen wir uns, Ihnen ab sofort unsere Maxibar anbieten zu k\u00f6nnen. Diese finden Sie zentral gelegen vor unserem Restaurant Schn\u00fcrboden. Hier erwartet Sie eine breite Auswahl an kalten Getr\u00e4nken, diversen Snacks und weiteren n\u00fctzlichen Artikeln \u2013 f\u00fcr jeden Geschmack ist etwas dabei. Zur Orientierung k\u00f6nnen Sie sich hier den <a href=\"https:\/\/hotelmappe.hotel-alte-werft.de\/de\/wp-content\/uploads\/2025\/01\/Lageplan-Maxibar.jpg\">Lageplan<\/a> ansehen.<\/p>\n<p>Vielen Dank f\u00fcr Ihr Verst\u00e4ndnis und Ihre Unterst\u00fctzung f\u00fcr eine umweltfreundlichere Zukunft!<\/p>\n<p>Anbei finden Sie eine \u00dcbersicht der Artikel unserer Maxibar.<\/p>\n<\/div>\n<\/div><\/div>\n<div id=\"cmsmasters_column_laru0ydt3r\" class=\"cmsmasters_column one_first\">\n<div class=\"cmsmasters_column_inner\"><div class=\"cmsmasters_wrap_table\"><table class=\"cmsmasters_table\"><caption><\/caption><thead><tr class=\"cmsmasters_table_row_header\"><th class=\"cmsmasters_table_cell_alignleft\">Artikel<\/th><th class=\"cmsmasters_table_cell_alignleft\">Menge<\/th><th class=\"cmsmasters_table_cell_alignleft\">\u20ac<\/th><\/tr><\/thead><tr><td class=\"cmsmasters_table_cell_alignleft\">Ladekabel USB A +USB C \u2013 1,8 m<\/td><td class=\"cmsmasters_table_cell_alignleft\">1 Stk<\/td><td class=\"cmsmasters_table_cell_alignleft\">8,50<\/td><\/tr><tr><td class=\"cmsmasters_table_cell_alignleft\">Ladeger\u00e4t USB-Anschluss<\/td><td class=\"cmsmasters_table_cell_alignleft\">1 Stk<\/td><td class=\"cmsmasters_table_cell_alignleft\">9,50<\/td><\/tr><tr><td class=\"cmsmasters_table_cell_alignleft\">Dentalkit \u2013 Zahnb\u00fcrste inkl. Zahncreme<\/td><td class=\"cmsmasters_table_cell_alignleft\">1 Stk<\/td><td class=\"cmsmasters_table_cell_alignleft\">1,50<\/td><\/tr><tr><td class=\"cmsmasters_table_cell_alignleft\">Shavingkit \u2013 Rasierer inkl. Rasiergel<\/td><td class=\"cmsmasters_table_cell_alignleft\">1 Stk<\/td><td class=\"cmsmasters_table_cell_alignleft\">1,50<\/td><\/tr><tr><td class=\"cmsmasters_table_cell_alignleft\">NIVEA Dry Active Deo Spray<\/td><td class=\"cmsmasters_table_cell_alignleft\">35 ml<\/td><td class=\"cmsmasters_table_cell_alignleft\">3,50<\/td><\/tr><tr><td class=\"cmsmasters_table_cell_alignleft\">o.b. Tampons normal<\/td><td class=\"cmsmasters_table_cell_alignleft\">8 Stck.<\/td><td class=\"cmsmasters_table_cell_alignleft\">2,50<\/td><\/tr><thead><tr class=\"cmsmasters_table_row_header\"><th class=\"cmsmasters_table_cell_alignleft\">Snacks<\/th><th class=\"cmsmasters_table_cell_alignleft\"><\/th><th class=\"cmsmasters_table_cell_alignleft\"><\/th><\/tr><\/thead><tr><td class=\"cmsmasters_table_cell_alignleft\">Haribo Goldb\u00e4ren<\/td><td class=\"cmsmasters_table_cell_alignleft\">75 g<\/td><td class=\"cmsmasters_table_cell_alignleft\">2,50<\/td><\/tr><tr><td class=\"cmsmasters_table_cell_alignleft\">Haribo TropiFrutti<\/td><td class=\"cmsmasters_table_cell_alignleft\">75 g<\/td><td class=\"cmsmasters_table_cell_alignleft\">2,50<\/td><\/tr><tr><td class=\"cmsmasters_table_cell_alignleft\">\u00fcltje Erdn\u00fcsse<\/td><td class=\"cmsmasters_table_cell_alignleft\">50 g<\/td><td class=\"cmsmasters_table_cell_alignleft\">2,50<\/td><\/tr><tr><td class=\"cmsmasters_table_cell_alignleft\">\u00fcltje Studentenfutter<\/td><td class=\"cmsmasters_table_cell_alignleft\">50 g<\/td><td class=\"cmsmasters_table_cell_alignleft\">2,50<\/td><\/tr><tr><td class=\"cmsmasters_table_cell_alignleft\">Snickers<\/td><td class=\"cmsmasters_table_cell_alignleft\">50 g<\/td><td class=\"cmsmasters_table_cell_alignleft\">1,50<\/td><\/tr><tr><td class=\"cmsmasters_table_cell_alignleft\">Twix<\/td><td class=\"cmsmasters_table_cell_alignleft\">50 g<\/td><td class=\"cmsmasters_table_cell_alignleft\">1,50<\/td><\/tr><tr><td class=\"cmsmasters_table_cell_alignleft\">Ritter Sport Edel-Vollmilch<\/td><td class=\"cmsmasters_table_cell_alignleft\">100 g<\/td><td class=\"cmsmasters_table_cell_alignleft\">3,50<\/td><\/tr><tr><td class=\"cmsmasters_table_cell_alignleft\">Ritter Sport Halbbitter 50%<\/td><td class=\"cmsmasters_table_cell_alignleft\">100 g<\/td><td class=\"cmsmasters_table_cell_alignleft\">3,50<\/td><\/tr><tr><td class=\"cmsmasters_table_cell_alignleft\">m&amp;m\u2018s Chocolate<\/td><td class=\"cmsmasters_table_cell_alignleft\">45 g<\/td><td class=\"cmsmasters_table_cell_alignleft\">1,50<\/td><\/tr><tr><td class=\"cmsmasters_table_cell_alignleft\">Pringles Original<\/td><td class=\"cmsmasters_table_cell_alignleft\">40 g<\/td><td class=\"cmsmasters_table_cell_alignleft\">2,50<\/td><\/tr><tr><td class=\"cmsmasters_table_cell_alignleft\">Pringles Sour Cream &amp; Onion<\/td><td class=\"cmsmasters_table_cell_alignleft\">40 g<\/td><td class=\"cmsmasters_table_cell_alignleft\">2,50<\/td><\/tr><tr><td class=\"cmsmasters_table_cell_alignleft\">kinder Schokolade<\/td><td class=\"cmsmasters_table_cell_alignleft\">50 g<\/td><td class=\"cmsmasters_table_cell_alignleft\">2,00<\/td><\/tr><tr><td class=\"cmsmasters_table_cell_alignleft\">ESN Designer Bar Proteinriegel, Almond Coconut<\/td><td class=\"cmsmasters_table_cell_alignleft\">45 g<\/td><td class=\"cmsmasters_table_cell_alignleft\">3,50<\/td><\/tr><tr><td class=\"cmsmasters_table_cell_alignleft\">ESN Designer Bar Proteinriegel, Fudge Brownie<\/td><td class=\"cmsmasters_table_cell_alignleft\">45 g<\/td><td class=\"cmsmasters_table_cell_alignleft\">3,50<\/td><\/tr><thead><tr class=\"cmsmasters_table_row_header\"><th class=\"cmsmasters_table_cell_alignleft\">Getr\u00e4nke<\/th><th class=\"cmsmasters_table_cell_alignleft\"><\/th><th class=\"cmsmasters_table_cell_alignleft\"><\/th><\/tr><\/thead><tr><td class=\"cmsmasters_table_cell_alignleft\">Pepsi Cola <\/td><td class=\"cmsmasters_table_cell_alignleft\">0,5 l<\/td><td class=\"cmsmasters_table_cell_alignleft\">3,00<\/td><\/tr><tr><td class=\"cmsmasters_table_cell_alignleft\">Pepsi Zero Zucker<\/td><td class=\"cmsmasters_table_cell_alignleft\">0,5 l<\/td><td class=\"cmsmasters_table_cell_alignleft\">3,00<\/td><\/tr><tr><td class=\"cmsmasters_table_cell_alignleft\">7UP <\/td><td class=\"cmsmasters_table_cell_alignleft\">0,5 l<\/td><td class=\"cmsmasters_table_cell_alignleft\">3,00<\/td><\/tr><tr><td class=\"cmsmasters_table_cell_alignleft\">VILSA Apfelsaftschorle<\/td><td class=\"cmsmasters_table_cell_alignleft\">0,33 l<\/td><td class=\"cmsmasters_table_cell_alignleft\">3,00<\/td><\/tr><tr><td class=\"cmsmasters_table_cell_alignleft\">VILSA Mineralwasser Classic<\/td><td class=\"cmsmasters_table_cell_alignleft\">0,5 l<\/td><td class=\"cmsmasters_table_cell_alignleft\">2,50<\/td><\/tr><tr><td class=\"cmsmasters_table_cell_alignleft\">VILSA Mineralwasser Medium<\/td><td class=\"cmsmasters_table_cell_alignleft\">0,5 l<\/td><td class=\"cmsmasters_table_cell_alignleft\">2,50<\/td><\/tr><tr><td class=\"cmsmasters_table_cell_alignleft\">VILSA Mineralwasser Still <\/td><td class=\"cmsmasters_table_cell_alignleft\">0,5 l<\/td><td class=\"cmsmasters_table_cell_alignleft\">2,50<\/td><\/tr><tr><td class=\"cmsmasters_table_cell_alignleft\">Vier Jahreszeiten \u2013 Wei\u00dfburgunder \u2013 trocken<\/td><td class=\"cmsmasters_table_cell_alignleft\">0,25 l<\/td><td class=\"cmsmasters_table_cell_alignleft\">6,00<\/td><\/tr><tr><td class=\"cmsmasters_table_cell_alignleft\">Vier Jahreszeiten \u2013 Dornfelder \u2013 trocken<\/td><td class=\"cmsmasters_table_cell_alignleft\">0,25 l<\/td><td class=\"cmsmasters_table_cell_alignleft\">6,00<\/td><\/tr><tr><td class=\"cmsmasters_table_cell_alignleft\">Heineken Pils<\/td><td class=\"cmsmasters_table_cell_alignleft\">0,33 l<\/td><td class=\"cmsmasters_table_cell_alignleft\">3,50<\/td><\/tr><tr><td class=\"cmsmasters_table_cell_alignleft\">Red Bull Energy Drink<\/td><td class=\"cmsmasters_table_cell_alignleft\">0,25 l<\/td><td class=\"cmsmasters_table_cell_alignleft\">3,50<\/td><\/tr><tr><td class=\"cmsmasters_table_cell_alignleft\">Red Bull Energy Drink \u2013 zuckerfrei<\/td><td class=\"cmsmasters_table_cell_alignleft\">0,25 l<\/td><td class=\"cmsmasters_table_cell_alignleft\">3,50<\/td><\/tr><tr><td class=\"cmsmasters_table_cell_alignleft\">Elephant Bay Eistee, Pfirsich<\/td><td class=\"cmsmasters_table_cell_alignleft\">0,33l<\/td><td class=\"cmsmasters_table_cell_alignleft\">3,50<\/td><\/tr><\/table><\/div>\n<div id=\"cmsmasters_divider_qgx963h7gj\" class=\"cl\"><\/div>\n<\/div><\/div>\n<div id=\"cmsmasters_column_gec1nyp1un\" class=\"cmsmasters_column one_first\">\n<div class=\"cmsmasters_column_inner\"><\/div><\/div>\n<div id=\"cmsmasters_column_g36on8ekcp\" class=\"cmsmasters_column one_first\">\n<div class=\"cmsmasters_column_inner\"><\/div><\/div>\n<\/div>\n<\/div>\n<\/div>\n<\/div>\n<\/div>\n\n","protected":false},"excerpt":{"rendered":"","protected":false},"author":1,"featured_media":0,"parent":0,"menu_order":14,"comment_status":"closed","ping_status":"closed","template":"","meta":{"_exactmetrics_skip_tracking":false,"_exactmetrics_sitenote_active":false,"_exactmetrics_sitenote_note":"","_exactmetrics_sitenote_category":0,"footnotes":""},"class_list":["post-18119","page","type-page","status-publish","hentry"],"yoast_head":"<!-- This site is optimized with the Yoast SEO plugin v22.0 - https:\/\/yoast.com\/wordpress\/plugins\/seo\/ -->\n<title>Maxibar - Digitale G\u00e4stemappe<\/title>\n<meta name=\"robots\" content=\"index, follow, max-snippet:-1, max-image-preview:large, max-video-preview:-1\" \/>\n<link rel=\"canonical\" href=\"https:\/\/hotelmappe.hotel-alte-werft.de\/de\/maxibar\/\" \/>\n<meta property=\"og:locale\" content=\"de_DE\" \/>\n<meta property=\"og:type\" content=\"article\" \/>\n<meta property=\"og:title\" content=\"Maxibar - Digitale G\u00e4stemappe\" \/>\n<meta property=\"og:url\" content=\"https:\/\/hotelmappe.hotel-alte-werft.de\/de\/maxibar\/\" \/>\n<meta property=\"og:site_name\" content=\"Digitale G\u00e4stemappe\" \/>\n<meta property=\"article:modified_time\" content=\"2025-02-07T07:57:30+00:00\" \/>\n<meta name=\"twitter:card\" content=\"summary_large_image\" \/>\n<meta name=\"twitter:label1\" content=\"Gesch\u00e4tzte Lesezeit\" \/>\n\t<meta name=\"twitter:data1\" content=\"3\u00a0Minuten\" \/>\n<script type=\"application\/ld+json\" class=\"yoast-schema-graph\">{\"@context\":\"https:\/\/schema.org\",\"@graph\":[{\"@type\":\"WebPage\",\"@id\":\"https:\/\/hotelmappe.hotel-alte-werft.de\/de\/maxibar\/\",\"url\":\"https:\/\/hotelmappe.hotel-alte-werft.de\/de\/maxibar\/\",\"name\":\"Maxibar - Digitale G\u00e4stemappe\",\"isPartOf\":{\"@id\":\"https:\/\/hotelmappe.hotel-alte-werft.de\/de\/#website\"},\"datePublished\":\"2016-01-07T12:56:06+00:00\",\"dateModified\":\"2025-02-07T07:57:30+00:00\",\"breadcrumb\":{\"@id\":\"https:\/\/hotelmappe.hotel-alte-werft.de\/de\/maxibar\/#breadcrumb\"},\"inLanguage\":\"de\",\"potentialAction\":[{\"@type\":\"ReadAction\",\"target\":[\"https:\/\/hotelmappe.hotel-alte-werft.de\/de\/maxibar\/\"]}]},{\"@type\":\"BreadcrumbList\",\"@id\":\"https:\/\/hotelmappe.hotel-alte-werft.de\/de\/maxibar\/#breadcrumb\",\"itemListElement\":[{\"@type\":\"ListItem\",\"position\":1,\"name\":\"Home\",\"item\":\"https:\/\/hotelmappe.hotel-alte-werft.de\/de\/\"},{\"@type\":\"ListItem\",\"position\":2,\"name\":\"Maxibar\"}]},{\"@type\":\"WebSite\",\"@id\":\"https:\/\/hotelmappe.hotel-alte-werft.de\/de\/#website\",\"url\":\"https:\/\/hotelmappe.hotel-alte-werft.de\/de\/\",\"name\":\"Digitale G\u00e4stemappe\",\"description\":\"\",\"potentialAction\":[{\"@type\":\"SearchAction\",\"target\":{\"@type\":\"EntryPoint\",\"urlTemplate\":\"https:\/\/hotelmappe.hotel-alte-werft.de\/de\/?s={search_term_string}\"},\"query-input\":\"required name=search_term_string\"}],\"inLanguage\":\"de\"}]}<\/script>\n<!-- \/ Yoast SEO plugin. -->","yoast_head_json":{"title":"Maxibar - Digitale G\u00e4stemappe","robots":{"index":"index","follow":"follow","max-snippet":"max-snippet:-1","max-image-preview":"max-image-preview:large","max-video-preview":"max-video-preview:-1"},"canonical":"https:\/\/hotelmappe.hotel-alte-werft.de\/de\/maxibar\/","og_locale":"de_DE","og_type":"article","og_title":"Maxibar - Digitale G\u00e4stemappe","og_url":"https:\/\/hotelmappe.hotel-alte-werft.de\/de\/maxibar\/","og_site_name":"Digitale G\u00e4stemappe","article_modified_time":"2025-02-07T07:57:30+00:00","twitter_card":"summary_large_image","twitter_misc":{"Gesch\u00e4tzte Lesezeit":"3\u00a0Minuten"},"schema":{"@context":"https:\/\/schema.org","@graph":[{"@type":"WebPage","@id":"https:\/\/hotelmappe.hotel-alte-werft.de\/de\/maxibar\/","url":"https:\/\/hotelmappe.hotel-alte-werft.de\/de\/maxibar\/","name":"Maxibar - Digitale G\u00e4stemappe","isPartOf":{"@id":"https:\/\/hotelmappe.hotel-alte-werft.de\/de\/#website"},"datePublished":"2016-01-07T12:56:06+00:00","dateModified":"2025-02-07T07:57:30+00:00","breadcrumb":{"@id":"https:\/\/hotelmappe.hotel-alte-werft.de\/de\/maxibar\/#breadcrumb"},"inLanguage":"de","potentialAction":[{"@type":"ReadAction","target":["https:\/\/hotelmappe.hotel-alte-werft.de\/de\/maxibar\/"]}]},{"@type":"BreadcrumbList","@id":"https:\/\/hotelmappe.hotel-alte-werft.de\/de\/maxibar\/#breadcrumb","itemListElement":[{"@type":"ListItem","position":1,"name":"Home","item":"https:\/\/hotelmappe.hotel-alte-werft.de\/de\/"},{"@type":"ListItem","position":2,"name":"Maxibar"}]},{"@type":"WebSite","@id":"https:\/\/hotelmappe.hotel-alte-werft.de\/de\/#website","url":"https:\/\/hotelmappe.hotel-alte-werft.de\/de\/","name":"Digitale G\u00e4stemappe","description":"","potentialAction":[{"@type":"SearchAction","target":{"@type":"EntryPoint","urlTemplate":"https:\/\/hotelmappe.hotel-alte-werft.de\/de\/?s={search_term_string}"},"query-input":"required name=search_term_string"}],"inLanguage":"de"}]}},"_links":{"self":[{"href":"https:\/\/hotelmappe.hotel-alte-werft.de\/de\/wp-json\/wp\/v2\/pages\/18119","targetHints":{"allow":["GET"]}}],"collection":[{"href":"https:\/\/hotelmappe.hotel-alte-werft.de\/de\/wp-json\/wp\/v2\/pages"}],"about":[{"href":"https:\/\/hotelmappe.hotel-alte-werft.de\/de\/wp-json\/wp\/v2\/types\/page"}],"author":[{"embeddable":true,"href":"https:\/\/hotelmappe.hotel-alte-werft.de\/de\/wp-json\/wp\/v2\/users\/1"}],"replies":[{"embeddable":true,"href":"https:\/\/hotelmappe.hotel-alte-werft.de\/de\/wp-json\/wp\/v2\/comments?post=18119"}],"version-history":[{"count":13,"href":"https:\/\/hotelmappe.hotel-alte-werft.de\/de\/wp-json\/wp\/v2\/pages\/18119\/revisions"}],"predecessor-version":[{"id":18139,"href":"https:\/\/hotelmappe.hotel-alte-werft.de\/de\/wp-json\/wp\/v2\/pages\/18119\/revisions\/18139"}],"wp:attachment":[{"href":"https:\/\/hotelmappe.hotel-alte-werft.de\/de\/wp-json\/wp\/v2\/media?parent=18119"}],"curies":[{"name":"wp","href":"https:\/\/api.w.org\/{rel}","templated":true}]}}